{"id":4256,"date":"2015-01-07T16:35:34","date_gmt":"2015-01-07T15:35:34","guid":{"rendered":"http:\/\/martinez-tagliavia.com\/?page_id=4256"},"modified":"2025-03-26T15:33:41","modified_gmt":"2025-03-26T14:33:41","slug":"chi-siamo","status":"publish","type":"page","link":"https:\/\/www.martinez-tagliavia.com\/fr\/chi-siamo\/","title":{"rendered":"Histoire"},"content":{"rendered":"\n<p>Les MARTINEZ TAGLIAVIA sont une famille sicilienne \u00e9tablie entre Palerme et Sciacca. Les multiples origines de la famille et son histoire sont \u00e9troitement li\u00e9s aux \u00e9v\u00e9nements qui ont eu lieu en Sicile et aux des domination qui se sont succed\u00e9: Arabes, Normands, Souabes,&nbsp; Aragonais,&nbsp; Espagnols et Bourbons.<\/p>\n\n\n\n<p>Dans les Martinez Tagliavia di S.Giacomo se joignent aujourd\u2019hui les deux familles Martinez et Tagliavia, gr\u00e2ce au mariage du Baron Gaetano Martinez avec la Marquise Lina Tagliavia di San Giacomo qui eut lieu en 1910. Lina Tagliavia di San Giacomo \u00e9tait la derni\u00e8re descendante directe de sa maison avec sa s\u0153ur; de son mariage avec le baron Gaetano Martinez naquit Nino, qui \u00e9pousa la Nob. Eugenia Calascibetta en 1943.<\/p>\n\n\n\n<p>La famille est repr\u00e9sent\u00e9e aujourd\u2019hui par leur fils Baron Gaetano Martinez Tagliavia di San Giacomo et ses enfants. Le Baron Gaetano Martinez Tagliavia di San Giacomo, en carri\u00e8re diplomatique, apr\u00e8s avoir pass\u00e9 de nombreuses ann\u00e9es \u00e0 Rome et \u00e0 l\u2019\u00e9tranger, en 2010 d\u00e9cida de se r\u00e9installer dans sa ville natale de Palerme avec sa femme Virginia Fatta della Fratta. Apr\u00e8s avoir restaur\u00e9 leurs propri\u00e9t\u00e9s au Palazzo Mango ils s\u2019y sont install\u00e9s \u00e0 l\u2019\u00e9tage principal, ou \u00ab&nbsp;piano nobile&nbsp;\u00bb.<\/p>\n\n\n\n<p>L\u2019arbre g\u00e9n\u00e9alogique ci-dessous remonte aux trois derni\u00e8res g\u00e9n\u00e9rations et illustre les quatre quarts de la famille actuelle; de chaque famille on donnera un aper\u00e7u historique.<\/p>\n\n\n\n<figure class=\"wp-block-image\"><img decoding=\"async\" src=\"http:\/\/martinez-tagliavia.com\/wp-content\/uploads\/2014\/12\/albero-geneologico.jpg\" alt=\"albero-geneologico\" class=\"wp-image-3174\"\/><\/figure>\n\n\n<ul class=\"wp-block-page-list\"><li class=\"wp-block-pages-list__item\"><a class=\"wp-block-pages-list__item__link\" href=\"https:\/\/www.martinez-tagliavia.com\/fr\/chi-siamo\/lo-stemma\/\">Lo Stemma<\/a><\/li><\/ul>","protected":false},"excerpt":{"rendered":"<p>Les MARTINEZ TAGLIAVIA sont une famille sicilienne \u00e9tablie entre Palerme et Sciacca. Les multiples origines de la famille et son histoire sont \u00e9troitement li\u00e9s aux \u00e9v\u00e9nements qui ont eu lieu en Sicile et aux des domination qui se sont succed\u00e9: Arabes, Normands, Souabes,&nbsp; Aragonais,&nbsp; Espagnols et Bourbons. Dans les Martinez Tagliavia di S.Giacomo se joignent [&hellip;]<\/p>\n","protected":false},"author":4,"featured_media":0,"parent":0,"menu_order":18,"comment_status":"closed","ping_status":"closed","template":"","meta":{"footnotes":""},"class_list":["post-4256","page","type-page","status-publish","hentry"],"featured_image_src":null,"yoast_head":"<!-- This site is optimized with the Yoast SEO plugin v27.4 - https:\/\/yoast.com\/product\/yoast-seo-wordpress\/ -->\n<title>Histoire - Martinez Tagliavia - Demeures historiques \u00e0 Palerme - Italie<\/title>\n<meta name=\"robots\" content=\"index, follow, max-snippet:-1, max-image-preview:large, max-video-preview:-1\" \/>\n<link rel=\"canonical\" href=\"https:\/\/www.martinez-tagliavia.com\/introduzione\/storia\/\" \/>\n<meta property=\"og:locale\" content=\"fr_FR\" \/>\n<meta property=\"og:type\" content=\"article\" \/>\n<meta property=\"og:title\" content=\"Histoire - Martinez Tagliavia - Demeures historiques \u00e0 Palerme - Italie\" \/>\n<meta property=\"og:description\" content=\"Les MARTINEZ TAGLIAVIA sont une famille sicilienne \u00e9tablie entre Palerme et Sciacca. Les multiples origines de la famille et son histoire sont \u00e9troitement li\u00e9s aux \u00e9v\u00e9nements qui ont eu lieu en Sicile et aux des domination qui se sont succed\u00e9: Arabes, Normands, Souabes,&nbsp; Aragonais,&nbsp; Espagnols et Bourbons. Dans les Martinez Tagliavia di S.Giacomo se joignent [&hellip;]\" \/>\n<meta property=\"og:url\" content=\"https:\/\/www.martinez-tagliavia.com\/introduzione\/storia\/\" \/>\n<meta property=\"og:site_name\" content=\"Martinez Tagliavia - Demeures historiques \u00e0 Palerme - Italie\" \/>\n<meta property=\"article:modified_time\" content=\"2025-03-26T14:33:41+00:00\" \/>\n<meta property=\"og:image\" content=\"http:\/\/martinez-tagliavia.com\/wp-content\/uploads\/2014\/12\/albero-geneologico.jpg\" \/>\n<meta name=\"twitter:card\" content=\"summary_large_image\" \/>\n<meta name=\"twitter:label1\" content=\"Dur\u00e9e de lecture estim\u00e9e\" \/>\n\t<meta name=\"twitter:data1\" content=\"3 minutes\" \/>\n<script type=\"application\/ld+json\" class=\"yoast-schema-graph\">{\"@context\":\"https:\\\/\\\/schema.org\",\"@graph\":[{\"@type\":\"WebPage\",\"@id\":\"https:\\\/\\\/www.martinez-tagliavia.com\\\/introduzione\\\/storia\\\/\",\"url\":\"https:\\\/\\\/www.martinez-tagliavia.com\\\/introduzione\\\/storia\\\/\",\"name\":\"Histoire - Martinez Tagliavia - Demeures historiques \u00e0 Palerme - Italie\",\"isPartOf\":{\"@id\":\"https:\\\/\\\/www.martinez-tagliavia.com\\\/#website\"},\"primaryImageOfPage\":{\"@id\":\"https:\\\/\\\/www.martinez-tagliavia.com\\\/introduzione\\\/storia\\\/#primaryimage\"},\"image\":{\"@id\":\"https:\\\/\\\/www.martinez-tagliavia.com\\\/introduzione\\\/storia\\\/#primaryimage\"},\"thumbnailUrl\":\"http:\\\/\\\/martinez-tagliavia.com\\\/wp-content\\\/uploads\\\/2014\\\/12\\\/albero-geneologico.jpg\",\"datePublished\":\"2015-01-07T15:35:34+00:00\",\"dateModified\":\"2025-03-26T14:33:41+00:00\",\"breadcrumb\":{\"@id\":\"https:\\\/\\\/www.martinez-tagliavia.com\\\/introduzione\\\/storia\\\/#breadcrumb\"},\"inLanguage\":\"fr-FR\",\"potentialAction\":[{\"@type\":\"ReadAction\",\"target\":[\"https:\\\/\\\/www.martinez-tagliavia.com\\\/introduzione\\\/storia\\\/\"]}]},{\"@type\":\"ImageObject\",\"inLanguage\":\"fr-FR\",\"@id\":\"https:\\\/\\\/www.martinez-tagliavia.com\\\/introduzione\\\/storia\\\/#primaryimage\",\"url\":\"http:\\\/\\\/martinez-tagliavia.com\\\/wp-content\\\/uploads\\\/2014\\\/12\\\/albero-geneologico.jpg\",\"contentUrl\":\"http:\\\/\\\/martinez-tagliavia.com\\\/wp-content\\\/uploads\\\/2014\\\/12\\\/albero-geneologico.jpg\"},{\"@type\":\"BreadcrumbList\",\"@id\":\"https:\\\/\\\/www.martinez-tagliavia.com\\\/introduzione\\\/storia\\\/#breadcrumb\",\"itemListElement\":[{\"@type\":\"ListItem\",\"position\":1,\"name\":\"Home\",\"item\":\"https:\\\/\\\/www.martinez-tagliavia.com\\\/\"},{\"@type\":\"ListItem\",\"position\":2,\"name\":\"Histoire\"}]},{\"@type\":\"WebSite\",\"@id\":\"https:\\\/\\\/www.martinez-tagliavia.com\\\/#website\",\"url\":\"https:\\\/\\\/www.martinez-tagliavia.com\\\/\",\"name\":\"Martinez Tagliavia - Demeures historiques \u00e0 Palerme - Italie\",\"description\":\"\",\"potentialAction\":[{\"@type\":\"SearchAction\",\"target\":{\"@type\":\"EntryPoint\",\"urlTemplate\":\"https:\\\/\\\/www.martinez-tagliavia.com\\\/?s={search_term_string}\"},\"query-input\":{\"@type\":\"PropertyValueSpecification\",\"valueRequired\":true,\"valueName\":\"search_term_string\"}}],\"inLanguage\":\"fr-FR\"}]}<\/script>\n<!-- \/ Yoast SEO plugin. -->","yoast_head_json":{"title":"Histoire - Martinez Tagliavia - Demeures historiques \u00e0 Palerme - Italie","robots":{"index":"index","follow":"follow","max-snippet":"max-snippet:-1","max-image-preview":"max-image-preview:large","max-video-preview":"max-video-preview:-1"},"canonical":"https:\/\/www.martinez-tagliavia.com\/introduzione\/storia\/","og_locale":"fr_FR","og_type":"article","og_title":"Histoire - Martinez Tagliavia - Demeures historiques \u00e0 Palerme - Italie","og_description":"Les MARTINEZ TAGLIAVIA sont une famille sicilienne \u00e9tablie entre Palerme et Sciacca. Les multiples origines de la famille et son histoire sont \u00e9troitement li\u00e9s aux \u00e9v\u00e9nements qui ont eu lieu en Sicile et aux des domination qui se sont succed\u00e9: Arabes, Normands, Souabes,&nbsp; Aragonais,&nbsp; Espagnols et Bourbons. Dans les Martinez Tagliavia di S.Giacomo se joignent [&hellip;]","og_url":"https:\/\/www.martinez-tagliavia.com\/introduzione\/storia\/","og_site_name":"Martinez Tagliavia - Demeures historiques \u00e0 Palerme - Italie","article_modified_time":"2025-03-26T14:33:41+00:00","og_image":[{"url":"http:\/\/martinez-tagliavia.com\/wp-content\/uploads\/2014\/12\/albero-geneologico.jpg","type":"","width":"","height":""}],"twitter_card":"summary_large_image","twitter_misc":{"Dur\u00e9e de lecture estim\u00e9e":"3 minutes"},"schema":{"@context":"https:\/\/schema.org","@graph":[{"@type":"WebPage","@id":"https:\/\/www.martinez-tagliavia.com\/introduzione\/storia\/","url":"https:\/\/www.martinez-tagliavia.com\/introduzione\/storia\/","name":"Histoire - Martinez Tagliavia - Demeures historiques \u00e0 Palerme - Italie","isPartOf":{"@id":"https:\/\/www.martinez-tagliavia.com\/#website"},"primaryImageOfPage":{"@id":"https:\/\/www.martinez-tagliavia.com\/introduzione\/storia\/#primaryimage"},"image":{"@id":"https:\/\/www.martinez-tagliavia.com\/introduzione\/storia\/#primaryimage"},"thumbnailUrl":"http:\/\/martinez-tagliavia.com\/wp-content\/uploads\/2014\/12\/albero-geneologico.jpg","datePublished":"2015-01-07T15:35:34+00:00","dateModified":"2025-03-26T14:33:41+00:00","breadcrumb":{"@id":"https:\/\/www.martinez-tagliavia.com\/introduzione\/storia\/#breadcrumb"},"inLanguage":"fr-FR","potentialAction":[{"@type":"ReadAction","target":["https:\/\/www.martinez-tagliavia.com\/introduzione\/storia\/"]}]},{"@type":"ImageObject","inLanguage":"fr-FR","@id":"https:\/\/www.martinez-tagliavia.com\/introduzione\/storia\/#primaryimage","url":"http:\/\/martinez-tagliavia.com\/wp-content\/uploads\/2014\/12\/albero-geneologico.jpg","contentUrl":"http:\/\/martinez-tagliavia.com\/wp-content\/uploads\/2014\/12\/albero-geneologico.jpg"},{"@type":"BreadcrumbList","@id":"https:\/\/www.martinez-tagliavia.com\/introduzione\/storia\/#breadcrumb","itemListElement":[{"@type":"ListItem","position":1,"name":"Home","item":"https:\/\/www.martinez-tagliavia.com\/"},{"@type":"ListItem","position":2,"name":"Histoire"}]},{"@type":"WebSite","@id":"https:\/\/www.martinez-tagliavia.com\/#website","url":"https:\/\/www.martinez-tagliavia.com\/","name":"Martinez Tagliavia - Demeures historiques \u00e0 Palerme - Italie","description":"","potentialAction":[{"@type":"SearchAction","target":{"@type":"EntryPoint","urlTemplate":"https:\/\/www.martinez-tagliavia.com\/?s={search_term_string}"},"query-input":{"@type":"PropertyValueSpecification","valueRequired":true,"valueName":"search_term_string"}}],"inLanguage":"fr-FR"}]}},"_links":{"self":[{"href":"https:\/\/www.martinez-tagliavia.com\/fr\/wp-json\/wp\/v2\/pages\/4256","targetHints":{"allow":["GET"]}}],"collection":[{"href":"https:\/\/www.martinez-tagliavia.com\/fr\/wp-json\/wp\/v2\/pages"}],"about":[{"href":"https:\/\/www.martinez-tagliavia.com\/fr\/wp-json\/wp\/v2\/types\/page"}],"author":[{"embeddable":true,"href":"https:\/\/www.martinez-tagliavia.com\/fr\/wp-json\/wp\/v2\/users\/4"}],"replies":[{"embeddable":true,"href":"https:\/\/www.martinez-tagliavia.com\/fr\/wp-json\/wp\/v2\/comments?post=4256"}],"version-history":[{"count":2,"href":"https:\/\/www.martinez-tagliavia.com\/fr\/wp-json\/wp\/v2\/pages\/4256\/revisions"}],"predecessor-version":[{"id":8419,"href":"https:\/\/www.martinez-tagliavia.com\/fr\/wp-json\/wp\/v2\/pages\/4256\/revisions\/8419"}],"wp:attachment":[{"href":"https:\/\/www.martinez-tagliavia.com\/fr\/wp-json\/wp\/v2\/media?parent=4256"}],"curies":[{"name":"wp","href":"https:\/\/api.w.org\/{rel}","templated":true}]}}