{"id":4284,"date":"2015-01-08T09:05:15","date_gmt":"2015-01-08T08:05:15","guid":{"rendered":"http:\/\/martinez-tagliavia.com\/?page_id=4284"},"modified":"2025-03-26T15:34:11","modified_gmt":"2025-03-26T14:34:11","slug":"bienvenue","status":"publish","type":"page","link":"https:\/\/www.martinez-tagliavia.com\/fr\/","title":{"rendered":"Bienvenue"},"content":{"rendered":"\n<p>La famille sicilienne des <strong>Martinez Tagliavia di San Giacomo<\/strong> vit \u00e0 Palerme, \u00e0 <strong>Palazzo Mango di Casalgerardo<\/strong> situ\u00e9 pr\u00e8s de la Cath\u00e9drale sur la partie haute du&nbsp; Corso Vittorio Emanuele, qui est la principale et plus vieille rue de la ville, anciennement nomm\u00e9e Via Marmorea ou Cassaro. Deux appartements de Palazzo Mango ont \u00e9t\u00e9 am\u00e9nag\u00e9s comme des maisons d\u2019h\u00f4te,<strong> la \u00ab\u00a0Foresteria\u00a0\u00bb<\/strong>, qu\u2019il est possible de louer pour des brefs p\u00e9riodes. <br>A Sciacca, petite ville sur la c\u00f4te m\u00e9ridionale de la Sicile, se trouve&nbsp; le palais des anc\u00eatres, le <strong>Palazzo Tagliavia di San Giacomo<\/strong>.<\/p>\n","protected":false},"excerpt":{"rendered":"<p>La famille sicilienne des Martinez Tagliavia di San Giacomo vit \u00e0 Palerme, \u00e0 Palazzo Mango di Casalgerardo situ\u00e9 pr\u00e8s de la Cath\u00e9drale sur la partie haute du&nbsp; Corso Vittorio Emanuele, qui est la principale et plus vieille rue de la ville, anciennement nomm\u00e9e Via Marmorea ou Cassaro. Deux appartements de Palazzo Mango ont \u00e9t\u00e9 am\u00e9nag\u00e9s [&hellip;]<\/p>\n","protected":false},"author":4,"featured_media":0,"parent":0,"menu_order":24,"comment_status":"open","ping_status":"closed","template":"","meta":{"footnotes":""},"class_list":["post-4284","page","type-page","status-publish","hentry"],"featured_image_src":null,"yoast_head":"<!-- This site is optimized with the Yoast SEO plugin v27.6 - https:\/\/yoast.com\/product\/yoast-seo-wordpress\/ -->\n<title>Bienvenue - Martinez Tagliavia - Demeures historiques \u00e0 Palerme - Italie<\/title>\n<meta name=\"robots\" content=\"noindex, nofollow\" \/>\n<meta property=\"og:locale\" content=\"fr_FR\" \/>\n<meta property=\"og:type\" content=\"article\" \/>\n<meta property=\"og:title\" content=\"Bienvenue - Martinez Tagliavia - Demeures historiques \u00e0 Palerme - Italie\" \/>\n<meta property=\"og:description\" content=\"La famille sicilienne des Martinez Tagliavia di San Giacomo vit \u00e0 Palerme, \u00e0 Palazzo Mango di Casalgerardo situ\u00e9 pr\u00e8s de la Cath\u00e9drale sur la partie haute du&nbsp; Corso Vittorio Emanuele, qui est la principale et plus vieille rue de la ville, anciennement nomm\u00e9e Via Marmorea ou Cassaro. Deux appartements de Palazzo Mango ont \u00e9t\u00e9 am\u00e9nag\u00e9s [&hellip;]\" \/>\n<meta property=\"og:url\" content=\"https:\/\/www.martinez-tagliavia.com\/\" \/>\n<meta property=\"og:site_name\" content=\"Martinez Tagliavia - Demeures historiques \u00e0 Palerme - Italie\" \/>\n<meta property=\"article:modified_time\" content=\"2025-03-26T14:34:11+00:00\" \/>\n<meta name=\"twitter:card\" content=\"summary_large_image\" \/>\n<script type=\"application\/ld+json\" class=\"yoast-schema-graph\">{\"@context\":\"https:\\\/\\\/schema.org\",\"@graph\":[{\"@type\":\"WebPage\",\"@id\":\"https:\\\/\\\/www.martinez-tagliavia.com\\\/\",\"url\":\"https:\\\/\\\/www.martinez-tagliavia.com\\\/\",\"name\":\"Bienvenue - Martinez Tagliavia - Demeures historiques \u00e0 Palerme - Italie\",\"isPartOf\":{\"@id\":\"https:\\\/\\\/www.martinez-tagliavia.com\\\/#website\"},\"datePublished\":\"2015-01-08T08:05:15+00:00\",\"dateModified\":\"2025-03-26T14:34:11+00:00\",\"breadcrumb\":{\"@id\":\"https:\\\/\\\/www.martinez-tagliavia.com\\\/#breadcrumb\"},\"inLanguage\":\"fr-FR\",\"potentialAction\":[{\"@type\":\"ReadAction\",\"target\":[\"https:\\\/\\\/www.martinez-tagliavia.com\\\/\"]}]},{\"@type\":\"BreadcrumbList\",\"@id\":\"https:\\\/\\\/www.martinez-tagliavia.com\\\/#breadcrumb\",\"itemListElement\":[{\"@type\":\"ListItem\",\"position\":1,\"name\":\"Home\",\"item\":\"https:\\\/\\\/www.martinez-tagliavia.com\\\/\"},{\"@type\":\"ListItem\",\"position\":2,\"name\":\"Bienvenue\"}]},{\"@type\":\"WebSite\",\"@id\":\"https:\\\/\\\/www.martinez-tagliavia.com\\\/#website\",\"url\":\"https:\\\/\\\/www.martinez-tagliavia.com\\\/\",\"name\":\"Martinez Tagliavia - Demeures historiques \u00e0 Palerme - Italie\",\"description\":\"\",\"potentialAction\":[{\"@type\":\"SearchAction\",\"target\":{\"@type\":\"EntryPoint\",\"urlTemplate\":\"https:\\\/\\\/www.martinez-tagliavia.com\\\/?s={search_term_string}\"},\"query-input\":{\"@type\":\"PropertyValueSpecification\",\"valueRequired\":true,\"valueName\":\"search_term_string\"}}],\"inLanguage\":\"fr-FR\"}]}<\/script>\n<!-- \/ Yoast SEO plugin. -->","yoast_head_json":{"title":"Bienvenue - Martinez Tagliavia - Demeures historiques \u00e0 Palerme - Italie","robots":{"index":"noindex","follow":"nofollow"},"og_locale":"fr_FR","og_type":"article","og_title":"Bienvenue - Martinez Tagliavia - Demeures historiques \u00e0 Palerme - Italie","og_description":"La famille sicilienne des Martinez Tagliavia di San Giacomo vit \u00e0 Palerme, \u00e0 Palazzo Mango di Casalgerardo situ\u00e9 pr\u00e8s de la Cath\u00e9drale sur la partie haute du&nbsp; Corso Vittorio Emanuele, qui est la principale et plus vieille rue de la ville, anciennement nomm\u00e9e Via Marmorea ou Cassaro. Deux appartements de Palazzo Mango ont \u00e9t\u00e9 am\u00e9nag\u00e9s [&hellip;]","og_url":"https:\/\/www.martinez-tagliavia.com\/","og_site_name":"Martinez Tagliavia - Demeures historiques \u00e0 Palerme - Italie","article_modified_time":"2025-03-26T14:34:11+00:00","twitter_card":"summary_large_image","schema":{"@context":"https:\/\/schema.org","@graph":[{"@type":"WebPage","@id":"https:\/\/www.martinez-tagliavia.com\/","url":"https:\/\/www.martinez-tagliavia.com\/","name":"Bienvenue - Martinez Tagliavia - Demeures historiques \u00e0 Palerme - Italie","isPartOf":{"@id":"https:\/\/www.martinez-tagliavia.com\/#website"},"datePublished":"2015-01-08T08:05:15+00:00","dateModified":"2025-03-26T14:34:11+00:00","breadcrumb":{"@id":"https:\/\/www.martinez-tagliavia.com\/#breadcrumb"},"inLanguage":"fr-FR","potentialAction":[{"@type":"ReadAction","target":["https:\/\/www.martinez-tagliavia.com\/"]}]},{"@type":"BreadcrumbList","@id":"https:\/\/www.martinez-tagliavia.com\/#breadcrumb","itemListElement":[{"@type":"ListItem","position":1,"name":"Home","item":"https:\/\/www.martinez-tagliavia.com\/"},{"@type":"ListItem","position":2,"name":"Bienvenue"}]},{"@type":"WebSite","@id":"https:\/\/www.martinez-tagliavia.com\/#website","url":"https:\/\/www.martinez-tagliavia.com\/","name":"Martinez Tagliavia - Demeures historiques \u00e0 Palerme - Italie","description":"","potentialAction":[{"@type":"SearchAction","target":{"@type":"EntryPoint","urlTemplate":"https:\/\/www.martinez-tagliavia.com\/?s={search_term_string}"},"query-input":{"@type":"PropertyValueSpecification","valueRequired":true,"valueName":"search_term_string"}}],"inLanguage":"fr-FR"}]}},"_links":{"self":[{"href":"https:\/\/www.martinez-tagliavia.com\/fr\/wp-json\/wp\/v2\/pages\/4284","targetHints":{"allow":["GET"]}}],"collection":[{"href":"https:\/\/www.martinez-tagliavia.com\/fr\/wp-json\/wp\/v2\/pages"}],"about":[{"href":"https:\/\/www.martinez-tagliavia.com\/fr\/wp-json\/wp\/v2\/types\/page"}],"author":[{"embeddable":true,"href":"https:\/\/www.martinez-tagliavia.com\/fr\/wp-json\/wp\/v2\/users\/4"}],"replies":[{"embeddable":true,"href":"https:\/\/www.martinez-tagliavia.com\/fr\/wp-json\/wp\/v2\/comments?post=4284"}],"version-history":[{"count":1,"href":"https:\/\/www.martinez-tagliavia.com\/fr\/wp-json\/wp\/v2\/pages\/4284\/revisions"}],"predecessor-version":[{"id":8420,"href":"https:\/\/www.martinez-tagliavia.com\/fr\/wp-json\/wp\/v2\/pages\/4284\/revisions\/8420"}],"wp:attachment":[{"href":"https:\/\/www.martinez-tagliavia.com\/fr\/wp-json\/wp\/v2\/media?parent=4284"}],"curies":[{"name":"wp","href":"https:\/\/api.w.org\/{rel}","templated":true}]}}