{"id":4886,"date":"2015-02-11T16:42:39","date_gmt":"2015-02-11T15:42:39","guid":{"rendered":"http:\/\/martinez-tagliavia.com\/?page_id=4886"},"modified":"2025-03-26T15:19:11","modified_gmt":"2025-03-26T14:19:11","slug":"la-restauration","status":"publish","type":"page","link":"https:\/\/www.martinez-tagliavia.com\/fr\/palazzo-mango-3\/la-restauration\/","title":{"rendered":"La Restauration"},"content":{"rendered":"<div class=\"wp-block-image\">\n<figure class=\"alignright\"><a href=\"http:\/\/martinez-tagliavia.com\/wp-content\/uploads\/2014\/11\/P1050419.jpg\"><img loading=\"lazy\" decoding=\"async\" width=\"300\" height=\"225\" src=\"http:\/\/martinez-tagliavia.com\/wp-content\/uploads\/2014\/11\/P1050419-300x225.jpg\" alt=\"l'androne prima dei restauri\" class=\"wp-image-3274\"\/><\/a><\/figure>\n<\/div>\n\n\n<p>Quand, en 1992, nous avons acquis cette propri\u00e9t\u00e9, Palazzo Mango \u00e9tait en totale abandon. Les structures \u00e9taient solides, mais il fallait savoir lire au del\u00e0 des concr\u00e9tions eu au d\u00e9ci des enduits \u00e9rafl\u00e9s, cherchant la stratigraphie des murs et de la construction.<\/p>\n\n\n\n<p>Le hall d&rsquo;entr\u00e9e \u00e9tait d\u00e9t\u00e9rior\u00e9e, aux murs \u00e9corch\u00e9s, tuyauteries partout le long des murs et infest\u00e9e par les pigeons. Les locaux au rez-de-chauss\u00e9 avaient \u00e9t\u00e9 utilis\u00e9s comme menuiserie et d\u00e9p\u00f4t de boiseries; le menuisier habitait dans la conciergerie, transform\u00e9e elle aussi en d\u00e9p\u00f4t et pleine de mat\u00e9riaux diverses qui en obstruaient l&rsquo;entr\u00e9e. L&rsquo;ancienne porte coch\u00e8re sur la Via delle Scuole avait \u00e9t\u00e9 r\u00e9tr\u00e9cie en d\u00e9but 1900 pour y placer une porte de fer.<\/p>\n\n\n\n<p>Il fallut beaucoup d&rsquo;ann\u00e9es avant de commencer la restauration, bien que au d\u00e9but nous avions l&rsquo;intention de commencer tout de suite et de transf\u00e9rer \u00e0 Palazzo Mango notre domicile palermitain: on chargea l&rsquo;Arch. Renato Zanca de r\u00e9diger un projet de restauration mais nous r\u00e9alis\u00e2mes peut apr\u00e8s que les temps n&rsquo;\u00e9taient pas m<span style=\"font-family: Times New Roman,serif;\">\u00fb<\/span>res pour un projet aussi ambitieux et d&rsquo;ailleurs il surgirent d&rsquo;autre urgences familiales qui nous forc\u00e8rent \u00e0 renvoyer les travaux. Notre vie \u00e9tait elle aussi assez compliqu\u00e9e, loin de Palerme: la Carri\u00e8re diplomatique implique une vie toujours en mouvement et en d\u00e9m\u00e9nagement constant.<\/p>\n\n\n\n<p>On \u00e9tait en Sirie en vue de rentrer \u00e0 Rome quand nous fumes contraints \u00e0 commencer les travaux par les \u00e9gouts. Ils \u00e9taient de long canaux \u00e0 section rectangulaire chemis\u00e9s par des plaques de pierre calcaire, compl\u00e8tement remplis de terre. Les canaux couraient sous le pavement en dalles de pierres que il fut n\u00e9cessaire d&rsquo;enlever et remettre en place, en num\u00e9rotant toutes les dalles pour pouvoir les remettre en place. Nous \u00e9larg\u00eemes aussi la porte coch\u00e8re et on la reporta \u00e0 l&rsquo;originaire ampleur, lib\u00e9rant l&rsquo;arc ancien et les pilons d&rsquo;entr\u00e9e en pierre.<\/p>\n\n\n\n<p>Des ann\u00e9es s&rsquo;\u00e9coul\u00e8rent et enfin en 2002 on commen\u00e7a la premi\u00e8re phase de travaux \u00e0 l&rsquo;\u00e9tage. L&rsquo;appartement avait \u00e9t\u00e9 d\u00e9coup\u00e9 en plusieurs chambres, couloirs et passages, : notre but \u00e9tait celui de retrouver l&rsquo;ancien plan et reconstituer les anciens espaces. Les plafonds \u00e9taient blancs, except\u00e9 l&rsquo;un d&rsquo;eux qui montrait au centre de la voute des peintures mythologiques, avec le dieu Mercure et une frise autour; les autres plafonds \u00e9taient g\u00e9n\u00e9ralement plats et bas.<\/p>\n\n\n\n<p>Notre plus grande \u00e9motion fut quand, venus de Rome \u00e0 Palerme pendent la Toussaint, on assista \u00e0 la d\u00e9molition des cloisons dans l&rsquo;actuelle biblioth\u00e8que: \u00e0 peine la poussi\u00e8re se fut d\u00e9pos\u00e9e, parut en profondeur une voute et peut apr\u00e8s &#8211; ayant agrandi le trou du faux plafond &#8211; parut une voute peinte. Au centre \u00e9tait Danae, qui avec sa pluie d&rsquo;or nous remplissait de bonheur.<\/p>\n\n\n\n<p>La surprise la plus grande fut \u00e0 l&rsquo;abolition des cloisons du grand salon &#8211; son espace \u00e9tait divis\u00e9 alors en deux chambres et un couloir &#8211; et vinrent \u00e0 la lumi\u00e8re les dorures \u00e0 la feuille d&rsquo;or et les peintures \u00e0 couleurs vives de l&rsquo;Apoth\u00e9ose d&rsquo;Hercule de Antonino Manno. Tout avait \u00e9t\u00e9 parfaitement conserv\u00e9 par les faux plafonds b\u00e2tis au dessus des portes \u00e0 la hauteur de 3m50, et de l&rsquo;existence des peintures personne se souvenait.<\/p>\n\n\n\n<p>A la conclusion de la premi\u00e8re phase des travaux, l&rsquo;appartement avait retrouv\u00e9 ses espaces, il \u00e9tait caract\u00e9ris\u00e9 par une fuite de salons le long de la Via delle Scuole d&rsquo;un cot\u00e9 et par une belle vue ensoleill\u00e9 sur le Corso Vittorio Emanuele de l&rsquo;autre cot\u00e9.<\/p>\n\n\n\n<p>La deuxi\u00e8me phase fut quelque ann\u00e9e apr\u00e8s, quand nous \u00e9tions en Eritr\u00e9e et en pr\u00e9voyant le retour d\u00e9finitif en Italie, \u00e0 Palerme. En cette phase on se d\u00e9dia aux ouvertures, aux fen\u00eatres qu&rsquo;il fallut refaire, aux balcons qui furent tous consolid\u00e9s et restaur\u00e9s. On d\u00e9dia une particuli\u00e8re attention \u00e0 la restauration des voutes et des peintures, d\u00e9licate op\u00e9ration qui fut confi\u00e9e \u00e0 la restauratrice M.me Rosaria Randazzo et qui nous permit d&rsquo;autres d\u00e9couvertes.<\/p>\n\n\n\n<p>Le plafond de la salle \u00e0 manger qui \u00e9tait recouvert d&rsquo;une couche blanche, fut d\u00e9cr\u00e9pi centim\u00e8tre par centim\u00e8tre et r\u00e9v\u00e9la peintures de petits anges (puttini), girandoles et treillis, corbeilles de fleurs encadr\u00e9es \u00e0 feuille d&rsquo;or.<\/p>\n\n\n\n<p>Le petit salon \u00e0 cot\u00e9, qui montrais d\u00e9j\u00e0 une sc\u00e8ne bucolique avec un joueur de flute de Pan &#8211; la chambre de la musique- r\u00e9v\u00e9la aussi sous le lourde couche de pl\u00e2tre, peintures florales et petits anges.<\/p>\n\n\n\n<p>Le salon de Mercure r\u00e9v\u00e9la un lambris \u00e0 palmettes; on reprit les couleurs originales avec un tr\u00e8s beau bleu lapis,et or reprit le mur cot\u00e9 Via delle Scuole totalement abim\u00e9 par une perte d&rsquo;eau.<\/p>\n\n\n\n<p>Dans le grand salon on fixa tout simplement la peinture et on remplit des fissures. L&rsquo;alc\u00f4ve \u00e0 cot\u00e9, au contraire, n\u00e9cessita un grand travail pour d\u00e9cortiquer l&rsquo;\u00e9mail gris dont on avait peint les d\u00e9licats ramages en bois de la porte; sur la voute parut une belle d\u00e9coration <i>a stucco<\/i>.<\/p>\n\n\n\n<p>Le dernier effort fut la r\u00e9cup\u00e9ration en 2011-12 de la hall d&rsquo;entr\u00e9e et de l&rsquo;escalier. Ici aussi, on r\u00e9cup\u00e9ra les anciens arcs en pierre &#8211; le <i>tufo<\/i> &#8211; qui se trouvaient recouverts de pl\u00e2tre d&rsquo;\u00e9poque n\u00e9oclassique; on substitua toutes les marches en marbre de Carrara; on fut contraints \u00e0 substituer le portail d&rsquo;entr\u00e9e en bois totalement d\u00e9t\u00e9riore par un nouveau portail ayant le m\u00eame dessin, mais en utilisant les vieux fers de l&rsquo;ancien portail.<\/p>\n\n\n\n<p>Apr\u00e8s la restauration, notre vie \u00e0 Palazzo Mango commen\u00e7a par le d\u00e9m\u00e9nagement&#8230; et les travaux ne finirons jamais.<\/p>\n\n\n\n<p>&nbsp;<\/p>\n\n\n\n<figure class=\"wp-block-gallery has-nested-images columns-5 is-cropped wp-block-gallery-1 is-layout-flex wp-block-gallery-is-layout-flex\">\n<figure class=\"wp-block-image size-large\"><a href=\"https:\/\/martinez-tagliavia.com\/wp-content\/uploads\/2015\/02\/stanzetta-musica-2-e1426635213504.jpg\"><img loading=\"lazy\" decoding=\"async\" width=\"1024\" height=\"768\" data-id=\"4815\" src=\"https:\/\/martinez-tagliavia.com\/wp-content\/uploads\/2015\/02\/stanzetta-musica-2-1024x768.jpg\" alt=\"\" class=\"wp-image-4815\"\/><\/a><\/figure>\n\n\n\n<figure class=\"wp-block-image size-large\"><a href=\"https:\/\/martinez-tagliavia.com\/wp-content\/uploads\/2015\/02\/DSCF0329-e1426635276929.jpg\"><img loading=\"lazy\" decoding=\"async\" width=\"1024\" height=\"768\" data-id=\"4806\" src=\"https:\/\/martinez-tagliavia.com\/wp-content\/uploads\/2015\/02\/DSCF0329-1024x768.jpg\" alt=\"\" class=\"wp-image-4806\"\/><\/a><\/figure>\n\n\n\n<figure class=\"wp-block-image size-large\"><a href=\"https:\/\/martinez-tagliavia.com\/wp-content\/uploads\/2015\/02\/01-2-e1426635447165.jpg\"><img loading=\"lazy\" decoding=\"async\" width=\"1024\" height=\"768\" data-id=\"4788\" src=\"https:\/\/martinez-tagliavia.com\/wp-content\/uploads\/2015\/02\/01-2-1024x768.jpg\" alt=\"\" class=\"wp-image-4788\"\/><\/a><\/figure>\n\n\n\n<figure class=\"wp-block-image size-large\"><a href=\"https:\/\/martinez-tagliavia.com\/wp-content\/uploads\/2015\/02\/01-15-e1426635405348.jpg\"><img loading=\"lazy\" decoding=\"async\" width=\"768\" height=\"1024\" data-id=\"4794\" src=\"https:\/\/martinez-tagliavia.com\/wp-content\/uploads\/2015\/02\/01-15-768x1024.jpg\" alt=\"\" class=\"wp-image-4794\"\/><\/a><\/figure>\n\n\n\n<figure class=\"wp-block-image size-large\"><a href=\"https:\/\/martinez-tagliavia.com\/wp-content\/uploads\/2015\/02\/01-4-e1426635426585.jpg\"><img loading=\"lazy\" decoding=\"async\" width=\"768\" height=\"1024\" data-id=\"4791\" src=\"https:\/\/martinez-tagliavia.com\/wp-content\/uploads\/2015\/02\/01-4-768x1024.jpg\" alt=\"\" class=\"wp-image-4791\"\/><\/a><\/figure>\n\n\n\n<figure class=\"wp-block-image size-large\"><a href=\"https:\/\/martinez-tagliavia.com\/wp-content\/uploads\/2015\/02\/baronessa-martinez-10-e1426635252235.jpg\"><img loading=\"lazy\" decoding=\"async\" width=\"1024\" height=\"768\" data-id=\"4809\" src=\"https:\/\/martinez-tagliavia.com\/wp-content\/uploads\/2015\/02\/baronessa-martinez-10-1024x768.jpg\" alt=\"\" class=\"wp-image-4809\"\/><\/a><\/figure>\n\n\n\n<figure class=\"wp-block-image size-large\"><a href=\"https:\/\/martinez-tagliavia.com\/wp-content\/uploads\/2015\/02\/DSCF0327-e1426635303488.jpg\"><img loading=\"lazy\" decoding=\"async\" width=\"1024\" height=\"768\" data-id=\"4803\" src=\"https:\/\/martinez-tagliavia.com\/wp-content\/uploads\/2015\/02\/DSCF0327-1024x768.jpg\" alt=\"\" class=\"wp-image-4803\"\/><\/a><\/figure>\n\n\n\n<figure class=\"wp-block-image size-large\"><a href=\"https:\/\/martinez-tagliavia.com\/wp-content\/uploads\/2015\/02\/DSCF0328-e1426635324623.jpg\"><img loading=\"lazy\" decoding=\"async\" width=\"768\" height=\"1024\" data-id=\"4800\" src=\"https:\/\/martinez-tagliavia.com\/wp-content\/uploads\/2015\/02\/DSCF0328-768x1024.jpg\" alt=\"\" class=\"wp-image-4800\"\/><\/a><\/figure>\n\n\n\n<figure class=\"wp-block-image size-large\"><a href=\"https:\/\/martinez-tagliavia.com\/wp-content\/uploads\/2015\/02\/DSCF0326-e1426635372176.jpg\"><img loading=\"lazy\" decoding=\"async\" width=\"768\" height=\"1024\" data-id=\"4797\" src=\"https:\/\/martinez-tagliavia.com\/wp-content\/uploads\/2015\/02\/DSCF0326-768x1024.jpg\" alt=\"\" class=\"wp-image-4797\"\/><\/a><\/figure>\n<\/figure>\n\n\n\n<p>&nbsp;<\/p>\n","protected":false},"excerpt":{"rendered":"<p>Quand, en 1992, nous avons acquis cette propri\u00e9t\u00e9, Palazzo Mango \u00e9tait en totale abandon. Les structures \u00e9taient solides, mais il fallait savoir lire au del\u00e0 des concr\u00e9tions eu au d\u00e9ci des enduits \u00e9rafl\u00e9s, cherchant la stratigraphie des murs et de la construction. Le hall d&rsquo;entr\u00e9e \u00e9tait d\u00e9t\u00e9rior\u00e9e, aux murs \u00e9corch\u00e9s, tuyauteries partout le long des [&hellip;]<\/p>\n","protected":false},"author":2,"featured_media":0,"parent":4762,"menu_order":2,"comment_status":"closed","ping_status":"closed","template":"","meta":{"footnotes":""},"class_list":["post-4886","page","type-page","status-publish","hentry"],"featured_image_src":null,"yoast_head":"<!-- This site is optimized with the Yoast SEO plugin v27.3 - https:\/\/yoast.com\/product\/yoast-seo-wordpress\/ -->\n<title>La Restauration - Martinez Tagliavia - Demeures historiques \u00e0 Palerme - Italie<\/title>\n<meta name=\"robots\" content=\"index, follow, max-snippet:-1, max-image-preview:large, max-video-preview:-1\" \/>\n<link rel=\"canonical\" href=\"https:\/\/www.martinez-tagliavia.com\/palazzo-mango-2\/il-restauro\/\" \/>\n<meta property=\"og:locale\" content=\"fr_FR\" \/>\n<meta property=\"og:type\" content=\"article\" \/>\n<meta property=\"og:title\" content=\"La Restauration - Martinez Tagliavia - Demeures historiques \u00e0 Palerme - Italie\" \/>\n<meta property=\"og:description\" content=\"Quand, en 1992, nous avons acquis cette propri\u00e9t\u00e9, Palazzo Mango \u00e9tait en totale abandon. Les structures \u00e9taient solides, mais il fallait savoir lire au del\u00e0 des concr\u00e9tions eu au d\u00e9ci des enduits \u00e9rafl\u00e9s, cherchant la stratigraphie des murs et de la construction. Le hall d&rsquo;entr\u00e9e \u00e9tait d\u00e9t\u00e9rior\u00e9e, aux murs \u00e9corch\u00e9s, tuyauteries partout le long des [&hellip;]\" \/>\n<meta property=\"og:url\" content=\"https:\/\/www.martinez-tagliavia.com\/palazzo-mango-2\/il-restauro\/\" \/>\n<meta property=\"og:site_name\" content=\"Martinez Tagliavia - Demeures historiques \u00e0 Palerme - Italie\" \/>\n<meta property=\"article:modified_time\" content=\"2025-03-26T14:19:11+00:00\" \/>\n<meta property=\"og:image\" content=\"http:\/\/martinez-tagliavia.com\/wp-content\/uploads\/2014\/11\/P1050419-300x225.jpg\" \/>\n<meta name=\"twitter:card\" content=\"summary_large_image\" \/>\n<meta name=\"twitter:label1\" content=\"Dur\u00e9e de lecture estim\u00e9e\" \/>\n\t<meta name=\"twitter:data1\" content=\"7 minutes\" \/>\n<script type=\"application\/ld+json\" class=\"yoast-schema-graph\">{\"@context\":\"https:\\\/\\\/schema.org\",\"@graph\":[{\"@type\":\"WebPage\",\"@id\":\"https:\\\/\\\/www.martinez-tagliavia.com\\\/palazzo-mango-2\\\/il-restauro\\\/\",\"url\":\"https:\\\/\\\/www.martinez-tagliavia.com\\\/palazzo-mango-2\\\/il-restauro\\\/\",\"name\":\"La Restauration - Martinez Tagliavia - Demeures historiques \u00e0 Palerme - Italie\",\"isPartOf\":{\"@id\":\"https:\\\/\\\/www.martinez-tagliavia.com\\\/#website\"},\"primaryImageOfPage\":{\"@id\":\"https:\\\/\\\/www.martinez-tagliavia.com\\\/palazzo-mango-2\\\/il-restauro\\\/#primaryimage\"},\"image\":{\"@id\":\"https:\\\/\\\/www.martinez-tagliavia.com\\\/palazzo-mango-2\\\/il-restauro\\\/#primaryimage\"},\"thumbnailUrl\":\"http:\\\/\\\/martinez-tagliavia.com\\\/wp-content\\\/uploads\\\/2014\\\/11\\\/P1050419-300x225.jpg\",\"datePublished\":\"2015-02-11T15:42:39+00:00\",\"dateModified\":\"2025-03-26T14:19:11+00:00\",\"breadcrumb\":{\"@id\":\"https:\\\/\\\/www.martinez-tagliavia.com\\\/palazzo-mango-2\\\/il-restauro\\\/#breadcrumb\"},\"inLanguage\":\"fr-FR\",\"potentialAction\":[{\"@type\":\"ReadAction\",\"target\":[\"https:\\\/\\\/www.martinez-tagliavia.com\\\/palazzo-mango-2\\\/il-restauro\\\/\"]}]},{\"@type\":\"ImageObject\",\"inLanguage\":\"fr-FR\",\"@id\":\"https:\\\/\\\/www.martinez-tagliavia.com\\\/palazzo-mango-2\\\/il-restauro\\\/#primaryimage\",\"url\":\"http:\\\/\\\/martinez-tagliavia.com\\\/wp-content\\\/uploads\\\/2014\\\/11\\\/P1050419-300x225.jpg\",\"contentUrl\":\"http:\\\/\\\/martinez-tagliavia.com\\\/wp-content\\\/uploads\\\/2014\\\/11\\\/P1050419-300x225.jpg\"},{\"@type\":\"BreadcrumbList\",\"@id\":\"https:\\\/\\\/www.martinez-tagliavia.com\\\/palazzo-mango-2\\\/il-restauro\\\/#breadcrumb\",\"itemListElement\":[{\"@type\":\"ListItem\",\"position\":1,\"name\":\"Home\",\"item\":\"https:\\\/\\\/www.martinez-tagliavia.com\\\/\"},{\"@type\":\"ListItem\",\"position\":2,\"name\":\"Palazzo Mango\",\"item\":\"https:\\\/\\\/www.martinez-tagliavia.com\\\/palazzo-mango-2\\\/\"},{\"@type\":\"ListItem\",\"position\":3,\"name\":\"La Restauration\"}]},{\"@type\":\"WebSite\",\"@id\":\"https:\\\/\\\/www.martinez-tagliavia.com\\\/#website\",\"url\":\"https:\\\/\\\/www.martinez-tagliavia.com\\\/\",\"name\":\"Martinez Tagliavia - Demeures historiques \u00e0 Palerme - Italie\",\"description\":\"\",\"potentialAction\":[{\"@type\":\"SearchAction\",\"target\":{\"@type\":\"EntryPoint\",\"urlTemplate\":\"https:\\\/\\\/www.martinez-tagliavia.com\\\/?s={search_term_string}\"},\"query-input\":{\"@type\":\"PropertyValueSpecification\",\"valueRequired\":true,\"valueName\":\"search_term_string\"}}],\"inLanguage\":\"fr-FR\"}]}<\/script>\n<!-- \/ Yoast SEO plugin. -->","yoast_head_json":{"title":"La Restauration - Martinez Tagliavia - Demeures historiques \u00e0 Palerme - Italie","robots":{"index":"index","follow":"follow","max-snippet":"max-snippet:-1","max-image-preview":"max-image-preview:large","max-video-preview":"max-video-preview:-1"},"canonical":"https:\/\/www.martinez-tagliavia.com\/palazzo-mango-2\/il-restauro\/","og_locale":"fr_FR","og_type":"article","og_title":"La Restauration - Martinez Tagliavia - Demeures historiques \u00e0 Palerme - Italie","og_description":"Quand, en 1992, nous avons acquis cette propri\u00e9t\u00e9, Palazzo Mango \u00e9tait en totale abandon. Les structures \u00e9taient solides, mais il fallait savoir lire au del\u00e0 des concr\u00e9tions eu au d\u00e9ci des enduits \u00e9rafl\u00e9s, cherchant la stratigraphie des murs et de la construction. Le hall d&rsquo;entr\u00e9e \u00e9tait d\u00e9t\u00e9rior\u00e9e, aux murs \u00e9corch\u00e9s, tuyauteries partout le long des [&hellip;]","og_url":"https:\/\/www.martinez-tagliavia.com\/palazzo-mango-2\/il-restauro\/","og_site_name":"Martinez Tagliavia - Demeures historiques \u00e0 Palerme - Italie","article_modified_time":"2025-03-26T14:19:11+00:00","og_image":[{"url":"http:\/\/martinez-tagliavia.com\/wp-content\/uploads\/2014\/11\/P1050419-300x225.jpg","type":"","width":"","height":""}],"twitter_card":"summary_large_image","twitter_misc":{"Dur\u00e9e de lecture estim\u00e9e":"7 minutes"},"schema":{"@context":"https:\/\/schema.org","@graph":[{"@type":"WebPage","@id":"https:\/\/www.martinez-tagliavia.com\/palazzo-mango-2\/il-restauro\/","url":"https:\/\/www.martinez-tagliavia.com\/palazzo-mango-2\/il-restauro\/","name":"La Restauration - Martinez Tagliavia - Demeures historiques \u00e0 Palerme - Italie","isPartOf":{"@id":"https:\/\/www.martinez-tagliavia.com\/#website"},"primaryImageOfPage":{"@id":"https:\/\/www.martinez-tagliavia.com\/palazzo-mango-2\/il-restauro\/#primaryimage"},"image":{"@id":"https:\/\/www.martinez-tagliavia.com\/palazzo-mango-2\/il-restauro\/#primaryimage"},"thumbnailUrl":"http:\/\/martinez-tagliavia.com\/wp-content\/uploads\/2014\/11\/P1050419-300x225.jpg","datePublished":"2015-02-11T15:42:39+00:00","dateModified":"2025-03-26T14:19:11+00:00","breadcrumb":{"@id":"https:\/\/www.martinez-tagliavia.com\/palazzo-mango-2\/il-restauro\/#breadcrumb"},"inLanguage":"fr-FR","potentialAction":[{"@type":"ReadAction","target":["https:\/\/www.martinez-tagliavia.com\/palazzo-mango-2\/il-restauro\/"]}]},{"@type":"ImageObject","inLanguage":"fr-FR","@id":"https:\/\/www.martinez-tagliavia.com\/palazzo-mango-2\/il-restauro\/#primaryimage","url":"http:\/\/martinez-tagliavia.com\/wp-content\/uploads\/2014\/11\/P1050419-300x225.jpg","contentUrl":"http:\/\/martinez-tagliavia.com\/wp-content\/uploads\/2014\/11\/P1050419-300x225.jpg"},{"@type":"BreadcrumbList","@id":"https:\/\/www.martinez-tagliavia.com\/palazzo-mango-2\/il-restauro\/#breadcrumb","itemListElement":[{"@type":"ListItem","position":1,"name":"Home","item":"https:\/\/www.martinez-tagliavia.com\/"},{"@type":"ListItem","position":2,"name":"Palazzo Mango","item":"https:\/\/www.martinez-tagliavia.com\/palazzo-mango-2\/"},{"@type":"ListItem","position":3,"name":"La Restauration"}]},{"@type":"WebSite","@id":"https:\/\/www.martinez-tagliavia.com\/#website","url":"https:\/\/www.martinez-tagliavia.com\/","name":"Martinez Tagliavia - Demeures historiques \u00e0 Palerme - Italie","description":"","potentialAction":[{"@type":"SearchAction","target":{"@type":"EntryPoint","urlTemplate":"https:\/\/www.martinez-tagliavia.com\/?s={search_term_string}"},"query-input":{"@type":"PropertyValueSpecification","valueRequired":true,"valueName":"search_term_string"}}],"inLanguage":"fr-FR"}]}},"_links":{"self":[{"href":"https:\/\/www.martinez-tagliavia.com\/fr\/wp-json\/wp\/v2\/pages\/4886","targetHints":{"allow":["GET"]}}],"collection":[{"href":"https:\/\/www.martinez-tagliavia.com\/fr\/wp-json\/wp\/v2\/pages"}],"about":[{"href":"https:\/\/www.martinez-tagliavia.com\/fr\/wp-json\/wp\/v2\/types\/page"}],"author":[{"embeddable":true,"href":"https:\/\/www.martinez-tagliavia.com\/fr\/wp-json\/wp\/v2\/users\/2"}],"replies":[{"embeddable":true,"href":"https:\/\/www.martinez-tagliavia.com\/fr\/wp-json\/wp\/v2\/comments?post=4886"}],"version-history":[{"count":1,"href":"https:\/\/www.martinez-tagliavia.com\/fr\/wp-json\/wp\/v2\/pages\/4886\/revisions"}],"predecessor-version":[{"id":8408,"href":"https:\/\/www.martinez-tagliavia.com\/fr\/wp-json\/wp\/v2\/pages\/4886\/revisions\/8408"}],"up":[{"embeddable":true,"href":"https:\/\/www.martinez-tagliavia.com\/fr\/wp-json\/wp\/v2\/pages\/4762"}],"wp:attachment":[{"href":"https:\/\/www.martinez-tagliavia.com\/fr\/wp-json\/wp\/v2\/media?parent=4886"}],"curies":[{"name":"wp","href":"https:\/\/api.w.org\/{rel}","templated":true}]}}