{"id":7097,"date":"2016-10-16T21:13:18","date_gmt":"2016-10-16T19:13:18","guid":{"rendered":"http:\/\/www.martinez-tagliavia.com\/foresteria\/informazioni-per-turisti-e-curiosi\/"},"modified":"2025-03-26T12:59:54","modified_gmt":"2025-03-26T11:59:54","slug":"informazioni-per-turisti-e-curiosi","status":"publish","type":"page","link":"https:\/\/www.martinez-tagliavia.com\/fr\/foresteria\/informazioni-per-turisti-e-curiosi\/","title":{"rendered":"InfoPalermo: Informazioni per turisti e curiosi"},"content":{"rendered":"\n<p>Non trascurate di leggere tutte le \u201cInfoPalermo\u201d prima di pianificare il vostro viaggio nella nostra citt\u00e0.<\/p>\n\n\n\n<p>Benvenuti in <a href=\"http:\/\/video.corriere.it\/sicily-bellissima-cartolina-sicilia-che-sta-emozionando-internet\/5e6e975c-5a2a-11e6-bfed-33aa6b5e1635\" target=\"_blank\" rel=\"noreferrer noopener\">Sicilia<\/a>: centro del Mediterraneo, isola cos\u00ec piccola per una storia tanto grande, benvenuti nella sua capitale Palermo citt\u00e0 esotica, bellissima e contrastata! Abbiamo trovato&nbsp;<strong><a href=\"http:\/\/keane.li\/2015\/04\/25\/palermo-chaos-spleen-sandwiches-getting-lost-in-the-capital-of-sicily\/\" target=\"_blank\" rel=\"noreferrer noopener\">qui<\/a><\/strong> un bel resoconto della Palermo di oggi e vi consigliamo di leggerlo; citt\u00e0 piena di contraddizioni, selvaggia, dolce e violenta nello stesso tempo, incurante di regole e disordinata ma bellissima e folkloristica. Se desiderate avere un\u2019idea delle tradizioni, folklore ed eventi, si possono visionare diversi siti on line, sia del <a href=\"https:\/\/turismo.cittametropolitana.pa.it\/category\/esperienze\/cultura-e-tradizioni\/\" target=\"_blank\" rel=\"noreferrer noopener\">Comune di Palermo<\/a>, sia altri come<strong>&nbsp;<a href=\"http:\/\/www.visitsicily.info\/\" target=\"_blank\" rel=\"noreferrer noopener\">\u201cvisit Sicily\u201d<\/a> <\/strong>dove si trovano anche informazioni sulle feste e cerimonie tradizionali di tutta l\u2019isola. Non mancate il&nbsp;<a href=\"https:\/\/it.wikipedia.org\/wiki\/Festa_di_santa_Rosalia\" target=\"_blank\" rel=\"noreferrer noopener\">Festino di S.Rosalia<\/a> il 14 e 15 Luglio, la pi\u00f9 importante festa religiosa e popolare di Palermo. In citt\u00e0 vi sono alcuni Centri di Informazione Turistica (CIT) gestiti dal Comune di Palermo che vi saranno di aiuto per informazioni di qualsiasi genere sui monumenti e sugli eventi in citt\u00e0. Il Centro pi\u00f9 vicino a noi si trova a Piazza Bellini, sotto la chiesa di San Cataldo; potrete vedere<a href=\"http:\/\/turismo.comune.palermo.it\/cit.php?id=82&amp;id1=130\" target=\"_blank\" rel=\"noreferrer noopener\"><strong> qui<\/strong><\/a> gli orari di apertura di tutti i CIT di Palermo; nello stesso sito potrete anche accedere ad un questionario sul gradimento del vostro soggiorno in citt\u00e0.<br><\/p>\n\n\n\n<p>Per avere informazioni in tempo reale sul traffico nelle autostrade A19 Palermo-Catania e A20 Palermo-Messina&nbsp; cliccate <strong><a href=\"http:\/\/www.automap.it\/traffico\/a19\/\" target=\"_blank\" rel=\"noreferrer noopener\">qui<\/a><\/strong>.<\/p>\n\n\n\n<p>Diamo di seguito alcuni link utili per il vostro viaggio a Palermo per pianificare al meglio le vostre visite. Prima di tutto date uno sguardo alla Meteo attuale con la&nbsp;<a href=\"http:\/\/www.siciliacam.it\/tutte-le-webcam\/\" target=\"_blank\" rel=\"noreferrer noopener\"> webcam <\/a>e guardare in diretta <a href=\"http:\/\/www.siciliacam.it\/webcam\/citta\/cattedrale-di-palermo\/\" target=\"_blank\" rel=\"noreferrer noopener\">qui <\/a>quel che succede nel piano della Cattedrale, vicino casa nostra. Vi sono molti&nbsp;siti web che offrono una guida della citt\u00e0 di Palermo, con suggerimenti che vi daranno un\u2019idea dei vostri itinerari a partire dalla nostra casa. Associazioni diverse propongono <a href=\"https:\/\/www.getyourguide.fr\/palermo-l387\/\" target=\"_blank\" rel=\"noreferrer noopener\">visite ed escursioni<\/a> oltre a <a href=\"https:\/\/terradamare.org\/\" target=\"_blank\" rel=\"noreferrer noopener\">itinerari<\/a> guidati di visita che vi aiuteranno a scoprire la citt\u00e0, a partire dalla Palermo Arabo-Normanna. Vi sono societ\u00e0 che offrono vari servizi, dal personal shopping, ai voli turistici in elicottero e aereo privato, a gite in yacht.&nbsp; Pianificate la vostra serata all\u2019Opera Lirica del <a href=\"http:\/\/www.teatromassimo.it\/index.php\" target=\"_blank\" rel=\"noreferrer noopener\">Teatro Massimo<\/a> oppure ad un concerto del <a href=\"http:\/\/www.orchestrasinfonicasiciliana.it\/index.php?option=com_content&amp;view=article&amp;id=792&amp;Itemid=80&amp;lang=it\" target=\"_blank\" rel=\"noreferrer noopener\">Teatro Politeama<\/a> che potrete prenotare e pagare on-line o anche un pomeriggio ad uno spettacolo tradizionale e divertente in siciliano assistendo all\u2019Opera dei Pupi del Maestro <a href=\"https:\/\/www.facebook.com\/teatrodeipupiargento\/\" target=\"_blank\" rel=\"noreferrer noopener\">Argento<\/a> vicinissimo a casa nostra, alla Cattedrale. Se invece vorrete dare uno sguardo generale alla citt\u00e0 salite sul bus del <a href=\"https:\/\/www.city-sightseeing.it\/it\/hop-on-hop-off-palermo\/\" target=\"_blank\" rel=\"noreferrer noopener\">City Sightseeing Tour<\/a>, potrete arrivare anche a <a href=\"http:\/\/www.duomomonreale.it\/\" target=\"_blank\" rel=\"noreferrer noopener\">Monreale<\/a> per visitare lo splendido Duomo ed il chiostro e spingervi fino a&nbsp;<a href=\"http:\/\/it.wikipedia.org\/wiki\/Mondello\" target=\"_blank\" rel=\"noreferrer noopener\">Mondello<\/a> dove \u00e8 la spiaggia di Palermo. Per una visita ai pi\u00f9 bei monumenti come il <a href=\"https:\/\/www.federicosecondo.org\/\" target=\"_blank\" rel=\"noreferrer noopener\">Palazzo dei Normanni con la Cappella Palatina<\/a>, a due passi da casa nostra, dovrete prima assicurarvi che siano aperti; se avete un p\u00f2 pi\u00f9 di tempo vi suggeriamo di non mancare la visita al c<a href=\"http:\/\/www.cittametropolitana.pa.it\/turismo\/tesori_d_arte_a_palermo\/00007746_Castello_della_Zisa.html\" target=\"_blank\" rel=\"noreferrer noopener\">astello della Zisa.<\/a>&nbsp; Ricordate che i Musei e le Zone Archeologiche sono chiuse il luned\u00ec. I pi\u00f9 bei Musei della citt\u00e0 sono la Pinacoteca di <a href=\"https:\/\/it.wikipedia.org\/wiki\/Palazzo_Abatellis\" target=\"_blank\" rel=\"noreferrer noopener\">Palazzo Abatellis<\/a>, il <a href=\"http:\/\/www.museodiocesanopa.it\/\" target=\"_blank\" rel=\"noreferrer noopener\">Museo Diocesano<\/a>, a due passi da noi vicino alla Cattedrale, il&nbsp;<a href=\"http:\/\/www.fondazionesantelia.it\/\" target=\"_blank\" rel=\"noreferrer noopener\">Palazzo S. Elia<\/a>, la&nbsp;<a href=\"https:\/\/www.gampalermo.it\/\" target=\"_blank\" rel=\"noreferrer noopener\">Galleria d\u2019Arte Moderna<\/a>, il <a href=\"https:\/\/www.museoartecontemporanea.it\/\" target=\"_blank\" rel=\"noreferrer noopener\">Museo Riso<\/a>,&nbsp; il <a href=\"https:\/\/www.coopculture.it\/it\/poi\/museo-archeologico-regionale-antonino-salinas\/\" target=\"_blank\" rel=\"noreferrer noopener\">Museo Archeologico Salinas<\/a>. Palermo \u00e8 stata la capitale della Sicilia, se vorrete farvi un\u2019idea delle antiche grandi e fastose dimore aristocratiche, visitate lo splendido <a href=\"https:\/\/www.beniculturali.it\/luogo\/museo-regionale-di-palazzo-mirto\" target=\"_blank\" rel=\"noreferrer noopener\">Palazzo Mirto<\/a> o il&nbsp;<a href=\"https:\/\/palazzoalliatadivillafranca.wordpress.com\/\" target=\"_blank\" rel=\"noreferrer noopener\">Palazzo Alliata di Villafranca<\/a> vicino casa nostra. Potrete partecipare alle visite di luoghi particolari e di quartieri e curiosit\u00e0 della citt\u00e0 col&nbsp;<a href=\"https:\/\/www.facebook.com\/palermocultour\/?locale=it_IT\" target=\"_blank\" rel=\"noreferrer noopener\">PalermoCulTour<\/a>. E se siete attirati da luoghi un po\u2019 macabri e certamente non convenzionali, fate un giro delle cripte sotto le chiese storiche, come <a href=\"http:\/\/it.wikipedia.org\/wiki\/Chiesa_di_San_Matteo_al_Cassaro\" target=\"_blank\" rel=\"noreferrer noopener\">San Matteo<\/a> o a&nbsp;<a href=\"http:\/\/it.wikipedia.org\/wiki\/Chiesa_del_Ges%C3%B9_%28Palermo%29\" target=\"_blank\" rel=\"noreferrer noopener\">Casa Professa<\/a> ma non mancate assolutamente le famose <a href=\"http:\/\/www.catacombepalermo.it\/\" target=\"_blank\" rel=\"noreferrer noopener\">Catacombe dei Cappuccini<\/a>. Sul sito istituzionale dell\u2019<a href=\"http:\/\/www.provincia.palermo.it\/turismo\/00007566_Palermo_Turismo.html\" target=\"_blank\" rel=\"noreferrer noopener\">Ufficio del Turismo<\/a> potrete trovare utili informazioni su mostre e attivit\u00e0 che si svolgono in citt\u00e0, e se vorrete potrete anche telefonare per informazioni all\u2019ufficio turistico del&nbsp;<a href=\"http:\/\/www.cittametropolitana.pa.it\/turismo\/in_primo_piano\/00015225_BENVENUTO_NEL_PORTALE_TURISTICO_DELLA_CITTA__METROPOLITANA_DI_PALERMO._Guida_al_Portale.html\" target=\"_blank\" rel=\"noreferrer noopener\">Comune di Palermo.<\/a> Un altro sito completo su Palermo con notizie interessanti \u00e8 quello di <a href=\"http:\/\/www.arte.it\/guida-arte\/palermo\" target=\"_blank\" rel=\"noreferrer noopener\">Arte<\/a>. E se vorrete proprio sapere tutto su quello che succede a Palermo, dai concorsi agli eventi, concerti, curiosit\u00e0 giorno per giorno, non avete che da consultare <a href=\"http:\/\/www.balarm.it\/\" target=\"_blank\" rel=\"noreferrer noopener\">Balarm!<\/a><\/p>\n\n\n\n<p>Oltre a visitare i monumenti del <a href=\"https:\/\/www.visitsicily.travel\/sicilia\/palermo\/\" target=\"_blank\" rel=\"noreferrer noopener\">centro storico<\/a> della citt\u00e0, potrete anche spingervi un p\u00f2 fuori: quando sarete a <a href=\"https:\/\/www.sicilia.info\/palermo\/mondello\/\" target=\"_blank\" rel=\"noreferrer noopener\">Mondello,<\/a> seduti in riva al mare, lontano al di l\u00e0 del golfo se fortunati potrete anche indovinare&nbsp; la cima dell\u2019Etna con il suo pennacchio di fumo. Anche in citt\u00e0, a <a href=\"https:\/\/turismo.comune.palermo.it\/palermo-welcome-luogo-dettaglio.php?tp=68&amp;det=17&amp;id=283\" target=\"_blank\" rel=\"noreferrer noopener\">Porta Felice<\/a>, le barche a vela dondolano nel porto della Cala vicino a voi e la passeggiata lungo la riva del mare vi far\u00e0 incantare a guardare le onde che si frangono ai vostri piedi. Pi\u00f9 lontano guardando verso Est poi lo sguardo giunger\u00e0&nbsp; a Monte Catalfano, che chiude il golfo di Palermo e si protende con la sua potente massa nel blu del cielo e del mare e dove si possono anche visitare le rovine puniche dell\u2019antica <a href=\"https:\/\/it.wikipedia.org\/wiki\/Solunto\" target=\"_blank\" rel=\"noreferrer noopener\">Solunto<\/a>\u2026&nbsp; Un po\u2019 pi\u00f9 avanti, a Buonfornello&nbsp; sorgeva su una altura l\u2019antica citt\u00e0 greca di <a href=\"http:\/\/it.wikipedia.org\/wiki\/Himera\" target=\"_blank\" rel=\"noreferrer noopener\">Imera,<\/a> notevoli i resti della citt\u00e0 e del suo tempio dorico;&nbsp; il ricco Museo \u00e8 molto interessante e merita una visita mentre siete sulla via di <a href=\"https:\/\/www.comune.cefalu.pa.it\/\" target=\"_blank\" rel=\"noreferrer noopener\">Cefal\u00f9<\/a>.<\/p>\n\n\n\n<p>La vostra campagna fotografica pu\u00f2 cominciare, qualsiasi stagione \u00e8 ideale per immortalare la Sicilia: riarsa, dai campi e dai monti brulli oppure le verdi pianure&nbsp; e i colli folti di vigneti; potrete&nbsp;<a href=\"https:\/\/www.google.com\/search?q=autonoleggi+a+Palermo&amp;ie=utf-8&amp;oe=utf-8#q=autonoleggio+a+Palermo&amp;spell=1\" target=\"_blank\" rel=\"noreferrer noopener\">affittare una macchina<\/a> e perdervi tra le distese dei campi di grano, i mandorli, gli uliveti: dappertutto la natura rude vi sovrasta. Fate un giro sulle <a href=\"http:\/\/www.parks.it\/parco.madonie\/index.php\" target=\"_blank\" rel=\"noreferrer noopener\">Madonie,<\/a> fermatevi all\u2019Agriturismo&nbsp;<a href=\"http:\/\/www.feudosangiorgio.it\/ita\/\" target=\"_blank\" rel=\"noreferrer noopener\">San Giorgio<\/a> vicino Polizzi Generosa\/Tremonzelli per rilassarvi qualche giorno e visitare il centro della Sicilia e raggiungere anche&nbsp;<a href=\"http:\/\/www.villaromanadelcasale.it\/\" target=\"_blank\" rel=\"noreferrer noopener\">Piazza Armerina<\/a> e <a href=\"https:\/\/parchiarcheologici.regione.sicilia.it\/morgantina-villa-romana-casale\/siti-archeologici\/museo-archeologico-di-aidone\/\" target=\"_blank\" rel=\"noreferrer noopener\">Morgantina.<\/a><\/p>\n\n\n\n<p>Le testimonianze delle antiche civilt\u00e0 che si sono susseguite in Sicilia vi stupiranno: potrete fare delle bellissime gite ad Ovest di Palermo: l\u2019isola di&nbsp;<a href=\"https:\/\/www.isoladimozia.it\/\" target=\"_blank\" rel=\"noreferrer noopener\">Mozia<\/a> nello stagnone di Marsala, che potrete raggiungere in <a href=\"http:\/\/www.ariniepugliese.com\/default.asp\" target=\"_blank\" rel=\"noreferrer noopener\">barca<\/a>,&nbsp; vi accoglier\u00e0 con il suo splendido Auriga; poi le <a href=\"http:\/\/www.wwfsalineditrapani.it\/\" target=\"_blank\" rel=\"noreferrer noopener\">saline di Trapani<\/a>,&nbsp; la mitica citt\u00e0 di <a href=\"https:\/\/it.wikipedia.org\/wiki\/Erice\" target=\"_blank\" rel=\"noreferrer noopener\">Erice<\/a>.&nbsp; Il&nbsp;Tempio di <a href=\"https:\/\/it.wikipedia.org\/wiki\/Segesta\" target=\"_blank\" rel=\"noreferrer noopener\">Segesta<\/a> vi aspetta e vi affasciner\u00e0 con la sua meravigliosa semplicit\u00e0 dall\u2019alto della sua collina verdeggiante; durante i mesi di luglio e agosto vi sono dei suggestivi spettacoli della rassegna&nbsp;\u201c<a href=\"https:\/\/www.segestateatrofestival.com\/programma-2023\/\" target=\"_blank\" rel=\"noreferrer noopener\">Dionisiache<\/a>\u201d al Teatro e al Tempio di Segesta. Se amate templi e grandi testimonianze dell\u2019antichit\u00e0 coloniale in Sicilia, poco lontano c\u2019\u00e8 <a href=\"https:\/\/www.visitselinunte.com\/parco-archeologico\/\" target=\"_blank\" rel=\"noreferrer noopener\">Selinunte<\/a>, citt\u00e0 greca fondata alla fine del VII sec. a.C. dai grandi e numerosi templi, che si stende tra le dune davanti al mare che guarda l\u2019Africa.<\/p>\n\n\n\n<p>La Sicilia vi attende, con la sua forza e la sua generosit\u00e0!<\/p>\n\n\n\n<figure class=\"wp-block-gallery has-nested-images columns-4 is-cropped wp-block-gallery-1 is-layout-flex wp-block-gallery-is-layout-flex\">\n<figure class=\"wp-block-image size-large\"><img loading=\"lazy\" decoding=\"async\" width=\"1024\" height=\"768\" data-id=\"5398\" src=\"https:\/\/martinez-tagliavia.com\/wp-content\/uploads\/2014\/09\/P1020863-copia-1024x768.jpg\" alt=\"\" class=\"wp-image-5398\"\/><\/figure>\n\n\n\n<figure class=\"wp-block-image size-large\"><img loading=\"lazy\" decoding=\"async\" width=\"1024\" height=\"681\" data-id=\"5302\" src=\"https:\/\/martinez-tagliavia.com\/wp-content\/uploads\/2014\/09\/DSC_0035-1024x681.jpg\" alt=\"\" class=\"wp-image-5302\"\/><\/figure>\n\n\n\n<figure class=\"wp-block-image size-large\"><img loading=\"lazy\" decoding=\"async\" width=\"1024\" height=\"768\" data-id=\"5867\" src=\"https:\/\/martinez-tagliavia.com\/wp-content\/uploads\/2015\/03\/IMG00410-20130527-1625-1024x768.jpg\" alt=\"\" class=\"wp-image-5867\"\/><\/figure>\n\n\n\n<figure class=\"wp-block-image size-large\"><img loading=\"lazy\" decoding=\"async\" width=\"693\" height=\"1024\" data-id=\"3879\" src=\"https:\/\/martinez-tagliavia.com\/wp-content\/uploads\/2014\/11\/f-antonello-gagini-testa-di-giovinettopalermopalazzo-abatellis1490-693x1024.jpg\" alt=\"\" class=\"wp-image-3879\"\/><\/figure>\n<\/figure>\n","protected":false},"excerpt":{"rendered":"<p>Non trascurate di leggere tutte le \u201cInfoPalermo\u201d prima di pianificare il vostro viaggio nella nostra citt\u00e0. Benvenuti in Sicilia: centro del Mediterraneo, isola cos\u00ec piccola per una storia tanto grande, benvenuti nella sua capitale Palermo citt\u00e0 esotica, bellissima e contrastata! Abbiamo trovato&nbsp;qui un bel resoconto della Palermo di oggi e vi consigliamo di leggerlo; citt\u00e0 [&hellip;]<\/p>\n","protected":false},"author":2,"featured_media":0,"parent":4224,"menu_order":2,"comment_status":"closed","ping_status":"closed","template":"","meta":{"footnotes":""},"class_list":["post-7097","page","type-page","status-publish","hentry"],"featured_image_src":null,"yoast_head":"<!-- This site is optimized with the Yoast SEO plugin v27.5 - https:\/\/yoast.com\/product\/yoast-seo-wordpress\/ -->\n<title>InfoPalermo: Informazioni per turisti e curiosi - Martinez Tagliavia - Demeures historiques \u00e0 Palerme - Italie<\/title>\n<meta name=\"robots\" content=\"index, follow, max-snippet:-1, max-image-preview:large, max-video-preview:-1\" \/>\n<link rel=\"canonical\" href=\"https:\/\/www.martinez-tagliavia.com\/foresteria\/informazioni-per-turisti-e-curiosi\/\" \/>\n<meta property=\"og:locale\" content=\"fr_FR\" \/>\n<meta property=\"og:type\" content=\"article\" \/>\n<meta property=\"og:title\" content=\"InfoPalermo: Informazioni per turisti e curiosi - Martinez Tagliavia - Demeures historiques \u00e0 Palerme - Italie\" \/>\n<meta property=\"og:description\" content=\"Non trascurate di leggere tutte le \u201cInfoPalermo\u201d prima di pianificare il vostro viaggio nella nostra citt\u00e0. Benvenuti in Sicilia: centro del Mediterraneo, isola cos\u00ec piccola per una storia tanto grande, benvenuti nella sua capitale Palermo citt\u00e0 esotica, bellissima e contrastata! Abbiamo trovato&nbsp;qui un bel resoconto della Palermo di oggi e vi consigliamo di leggerlo; citt\u00e0 [&hellip;]\" \/>\n<meta property=\"og:url\" content=\"https:\/\/www.martinez-tagliavia.com\/foresteria\/informazioni-per-turisti-e-curiosi\/\" \/>\n<meta property=\"og:site_name\" content=\"Martinez Tagliavia - Demeures historiques \u00e0 Palerme - Italie\" \/>\n<meta property=\"article:modified_time\" content=\"2025-03-26T11:59:54+00:00\" \/>\n<meta property=\"og:image\" content=\"https:\/\/martinez-tagliavia.com\/wp-content\/uploads\/2014\/09\/P1020863-copia-1024x768.jpg\" \/>\n<meta name=\"twitter:card\" content=\"summary_large_image\" \/>\n<meta name=\"twitter:label1\" content=\"Dur\u00e9e de lecture estim\u00e9e\" \/>\n\t<meta name=\"twitter:data1\" content=\"6 minutes\" \/>\n<script type=\"application\/ld+json\" class=\"yoast-schema-graph\">{\"@context\":\"https:\\\/\\\/schema.org\",\"@graph\":[{\"@type\":\"WebPage\",\"@id\":\"https:\\\/\\\/www.martinez-tagliavia.com\\\/foresteria\\\/informazioni-per-turisti-e-curiosi\\\/\",\"url\":\"https:\\\/\\\/www.martinez-tagliavia.com\\\/foresteria\\\/informazioni-per-turisti-e-curiosi\\\/\",\"name\":\"InfoPalermo: Informazioni per turisti e curiosi - Martinez Tagliavia - Demeures historiques \u00e0 Palerme - Italie\",\"isPartOf\":{\"@id\":\"https:\\\/\\\/www.martinez-tagliavia.com\\\/#website\"},\"primaryImageOfPage\":{\"@id\":\"https:\\\/\\\/www.martinez-tagliavia.com\\\/foresteria\\\/informazioni-per-turisti-e-curiosi\\\/#primaryimage\"},\"image\":{\"@id\":\"https:\\\/\\\/www.martinez-tagliavia.com\\\/foresteria\\\/informazioni-per-turisti-e-curiosi\\\/#primaryimage\"},\"thumbnailUrl\":\"https:\\\/\\\/martinez-tagliavia.com\\\/wp-content\\\/uploads\\\/2014\\\/09\\\/P1020863-copia-1024x768.jpg\",\"datePublished\":\"2016-10-16T19:13:18+00:00\",\"dateModified\":\"2025-03-26T11:59:54+00:00\",\"breadcrumb\":{\"@id\":\"https:\\\/\\\/www.martinez-tagliavia.com\\\/foresteria\\\/informazioni-per-turisti-e-curiosi\\\/#breadcrumb\"},\"inLanguage\":\"fr-FR\",\"potentialAction\":[{\"@type\":\"ReadAction\",\"target\":[\"https:\\\/\\\/www.martinez-tagliavia.com\\\/foresteria\\\/informazioni-per-turisti-e-curiosi\\\/\"]}]},{\"@type\":\"ImageObject\",\"inLanguage\":\"fr-FR\",\"@id\":\"https:\\\/\\\/www.martinez-tagliavia.com\\\/foresteria\\\/informazioni-per-turisti-e-curiosi\\\/#primaryimage\",\"url\":\"https:\\\/\\\/martinez-tagliavia.com\\\/wp-content\\\/uploads\\\/2014\\\/09\\\/P1020863-copia-1024x768.jpg\",\"contentUrl\":\"https:\\\/\\\/martinez-tagliavia.com\\\/wp-content\\\/uploads\\\/2014\\\/09\\\/P1020863-copia-1024x768.jpg\"},{\"@type\":\"BreadcrumbList\",\"@id\":\"https:\\\/\\\/www.martinez-tagliavia.com\\\/foresteria\\\/informazioni-per-turisti-e-curiosi\\\/#breadcrumb\",\"itemListElement\":[{\"@type\":\"ListItem\",\"position\":1,\"name\":\"Home\",\"item\":\"https:\\\/\\\/www.martinez-tagliavia.com\\\/\"},{\"@type\":\"ListItem\",\"position\":2,\"name\":\"Maison d&#8217;H\u00f4tes\",\"item\":\"https:\\\/\\\/www.martinez-tagliavia.com\\\/foresteria\\\/\"},{\"@type\":\"ListItem\",\"position\":3,\"name\":\"InfoPalermo: Informazioni per turisti e curiosi\"}]},{\"@type\":\"WebSite\",\"@id\":\"https:\\\/\\\/www.martinez-tagliavia.com\\\/#website\",\"url\":\"https:\\\/\\\/www.martinez-tagliavia.com\\\/\",\"name\":\"Martinez Tagliavia - Demeures historiques \u00e0 Palerme - Italie\",\"description\":\"\",\"potentialAction\":[{\"@type\":\"SearchAction\",\"target\":{\"@type\":\"EntryPoint\",\"urlTemplate\":\"https:\\\/\\\/www.martinez-tagliavia.com\\\/?s={search_term_string}\"},\"query-input\":{\"@type\":\"PropertyValueSpecification\",\"valueRequired\":true,\"valueName\":\"search_term_string\"}}],\"inLanguage\":\"fr-FR\"}]}<\/script>\n<!-- \/ Yoast SEO plugin. -->","yoast_head_json":{"title":"InfoPalermo: Informazioni per turisti e curiosi - Martinez Tagliavia - Demeures historiques \u00e0 Palerme - Italie","robots":{"index":"index","follow":"follow","max-snippet":"max-snippet:-1","max-image-preview":"max-image-preview:large","max-video-preview":"max-video-preview:-1"},"canonical":"https:\/\/www.martinez-tagliavia.com\/foresteria\/informazioni-per-turisti-e-curiosi\/","og_locale":"fr_FR","og_type":"article","og_title":"InfoPalermo: Informazioni per turisti e curiosi - Martinez Tagliavia - Demeures historiques \u00e0 Palerme - Italie","og_description":"Non trascurate di leggere tutte le \u201cInfoPalermo\u201d prima di pianificare il vostro viaggio nella nostra citt\u00e0. Benvenuti in Sicilia: centro del Mediterraneo, isola cos\u00ec piccola per una storia tanto grande, benvenuti nella sua capitale Palermo citt\u00e0 esotica, bellissima e contrastata! Abbiamo trovato&nbsp;qui un bel resoconto della Palermo di oggi e vi consigliamo di leggerlo; citt\u00e0 [&hellip;]","og_url":"https:\/\/www.martinez-tagliavia.com\/foresteria\/informazioni-per-turisti-e-curiosi\/","og_site_name":"Martinez Tagliavia - Demeures historiques \u00e0 Palerme - Italie","article_modified_time":"2025-03-26T11:59:54+00:00","og_image":[{"url":"https:\/\/martinez-tagliavia.com\/wp-content\/uploads\/2014\/09\/P1020863-copia-1024x768.jpg","type":"","width":"","height":""}],"twitter_card":"summary_large_image","twitter_misc":{"Dur\u00e9e de lecture estim\u00e9e":"6 minutes"},"schema":{"@context":"https:\/\/schema.org","@graph":[{"@type":"WebPage","@id":"https:\/\/www.martinez-tagliavia.com\/foresteria\/informazioni-per-turisti-e-curiosi\/","url":"https:\/\/www.martinez-tagliavia.com\/foresteria\/informazioni-per-turisti-e-curiosi\/","name":"InfoPalermo: Informazioni per turisti e curiosi - Martinez Tagliavia - Demeures historiques \u00e0 Palerme - Italie","isPartOf":{"@id":"https:\/\/www.martinez-tagliavia.com\/#website"},"primaryImageOfPage":{"@id":"https:\/\/www.martinez-tagliavia.com\/foresteria\/informazioni-per-turisti-e-curiosi\/#primaryimage"},"image":{"@id":"https:\/\/www.martinez-tagliavia.com\/foresteria\/informazioni-per-turisti-e-curiosi\/#primaryimage"},"thumbnailUrl":"https:\/\/martinez-tagliavia.com\/wp-content\/uploads\/2014\/09\/P1020863-copia-1024x768.jpg","datePublished":"2016-10-16T19:13:18+00:00","dateModified":"2025-03-26T11:59:54+00:00","breadcrumb":{"@id":"https:\/\/www.martinez-tagliavia.com\/foresteria\/informazioni-per-turisti-e-curiosi\/#breadcrumb"},"inLanguage":"fr-FR","potentialAction":[{"@type":"ReadAction","target":["https:\/\/www.martinez-tagliavia.com\/foresteria\/informazioni-per-turisti-e-curiosi\/"]}]},{"@type":"ImageObject","inLanguage":"fr-FR","@id":"https:\/\/www.martinez-tagliavia.com\/foresteria\/informazioni-per-turisti-e-curiosi\/#primaryimage","url":"https:\/\/martinez-tagliavia.com\/wp-content\/uploads\/2014\/09\/P1020863-copia-1024x768.jpg","contentUrl":"https:\/\/martinez-tagliavia.com\/wp-content\/uploads\/2014\/09\/P1020863-copia-1024x768.jpg"},{"@type":"BreadcrumbList","@id":"https:\/\/www.martinez-tagliavia.com\/foresteria\/informazioni-per-turisti-e-curiosi\/#breadcrumb","itemListElement":[{"@type":"ListItem","position":1,"name":"Home","item":"https:\/\/www.martinez-tagliavia.com\/"},{"@type":"ListItem","position":2,"name":"Maison d&#8217;H\u00f4tes","item":"https:\/\/www.martinez-tagliavia.com\/foresteria\/"},{"@type":"ListItem","position":3,"name":"InfoPalermo: Informazioni per turisti e curiosi"}]},{"@type":"WebSite","@id":"https:\/\/www.martinez-tagliavia.com\/#website","url":"https:\/\/www.martinez-tagliavia.com\/","name":"Martinez Tagliavia - Demeures historiques \u00e0 Palerme - Italie","description":"","potentialAction":[{"@type":"SearchAction","target":{"@type":"EntryPoint","urlTemplate":"https:\/\/www.martinez-tagliavia.com\/?s={search_term_string}"},"query-input":{"@type":"PropertyValueSpecification","valueRequired":true,"valueName":"search_term_string"}}],"inLanguage":"fr-FR"}]}},"_links":{"self":[{"href":"https:\/\/www.martinez-tagliavia.com\/fr\/wp-json\/wp\/v2\/pages\/7097","targetHints":{"allow":["GET"]}}],"collection":[{"href":"https:\/\/www.martinez-tagliavia.com\/fr\/wp-json\/wp\/v2\/pages"}],"about":[{"href":"https:\/\/www.martinez-tagliavia.com\/fr\/wp-json\/wp\/v2\/types\/page"}],"author":[{"embeddable":true,"href":"https:\/\/www.martinez-tagliavia.com\/fr\/wp-json\/wp\/v2\/users\/2"}],"replies":[{"embeddable":true,"href":"https:\/\/www.martinez-tagliavia.com\/fr\/wp-json\/wp\/v2\/comments?post=7097"}],"version-history":[{"count":49,"href":"https:\/\/www.martinez-tagliavia.com\/fr\/wp-json\/wp\/v2\/pages\/7097\/revisions"}],"predecessor-version":[{"id":8331,"href":"https:\/\/www.martinez-tagliavia.com\/fr\/wp-json\/wp\/v2\/pages\/7097\/revisions\/8331"}],"up":[{"embeddable":true,"href":"https:\/\/www.martinez-tagliavia.com\/fr\/wp-json\/wp\/v2\/pages\/4224"}],"wp:attachment":[{"href":"https:\/\/www.martinez-tagliavia.com\/fr\/wp-json\/wp\/v2\/media?parent=7097"}],"curies":[{"name":"wp","href":"https:\/\/api.w.org\/{rel}","templated":true}]}}